{"id":6428,"date":"2026-03-25T06:14:40","date_gmt":"2026-03-25T05:14:40","guid":{"rendered":"https:\/\/ramason.es\/pressotherapy\/"},"modified":"2026-05-05T08:32:52","modified_gmt":"2026-05-05T07:32:52","slug":"pressotherapy","status":"publish","type":"page","link":"https:\/\/ramason.es\/en\/pressotherapy\/","title":{"rendered":"PRESSOTHERAPY"},"content":{"rendered":"","protected":false},"excerpt":{"rendered":"","protected":false},"author":1,"featured_media":0,"parent":0,"menu_order":0,"comment_status":"closed","ping_status":"closed","template":"","meta":{"_acf_changed":false,"footnotes":""},"class_list":["post-6428","page","type-page","status-publish","hentry"],"acf":[],"yoast_head":"<!-- This site is optimized with the Yoast SEO plugin v27.4 - https:\/\/yoast.com\/product\/yoast-seo-wordpress\/ -->\n<title>PRESSOTHERAPY - Ramason<\/title>\n<meta name=\"robots\" content=\"index, follow, max-snippet:-1, max-image-preview:large, max-video-preview:-1\" \/>\n<link rel=\"canonical\" href=\"https:\/\/ramason.es\/en\/pressotherapy\/\" \/>\n<meta property=\"og:locale\" content=\"en_US\" \/>\n<meta property=\"og:type\" content=\"article\" \/>\n<meta property=\"og:title\" content=\"PRESSOTHERAPY - Ramason\" \/>\n<meta property=\"og:url\" content=\"https:\/\/ramason.es\/en\/pressotherapy\/\" \/>\n<meta property=\"og:site_name\" content=\"Ramason\" \/>\n<meta property=\"article:modified_time\" content=\"2026-05-05T07:32:52+00:00\" \/>\n<meta name=\"twitter:card\" content=\"summary_large_image\" \/>\n<script type=\"application\/ld+json\" class=\"yoast-schema-graph\">{\"@context\":\"https:\\\/\\\/schema.org\",\"@graph\":[{\"@type\":\"WebPage\",\"@id\":\"https:\\\/\\\/ramason.es\\\/en\\\/pressotherapy\\\/\",\"url\":\"https:\\\/\\\/ramason.es\\\/en\\\/pressotherapy\\\/\",\"name\":\"PRESSOTHERAPY - Ramason\",\"isPartOf\":{\"@id\":\"https:\\\/\\\/ramason.es\\\/en\\\/#website\"},\"datePublished\":\"2026-03-25T05:14:40+00:00\",\"dateModified\":\"2026-05-05T07:32:52+00:00\",\"breadcrumb\":{\"@id\":\"https:\\\/\\\/ramason.es\\\/en\\\/pressotherapy\\\/#breadcrumb\"},\"inLanguage\":\"en-US\",\"potentialAction\":[{\"@type\":\"ReadAction\",\"target\":[\"https:\\\/\\\/ramason.es\\\/en\\\/pressotherapy\\\/\"]}]},{\"@type\":\"BreadcrumbList\",\"@id\":\"https:\\\/\\\/ramason.es\\\/en\\\/pressotherapy\\\/#breadcrumb\",\"itemListElement\":[{\"@type\":\"ListItem\",\"position\":1,\"name\":\"Portada\",\"item\":\"https:\\\/\\\/ramason.es\\\/en\\\/\"},{\"@type\":\"ListItem\",\"position\":2,\"name\":\"PRESSOTHERAPY\"}]},{\"@type\":\"WebSite\",\"@id\":\"https:\\\/\\\/ramason.es\\\/en\\\/#website\",\"url\":\"https:\\\/\\\/ramason.es\\\/en\\\/\",\"name\":\"Ramason\",\"description\":\"L\u00edder en distribuci\u00f3n y venta de equipos de aparatolog\u00eda est\u00e9tica avanzada en Espa\u00f1a.\",\"publisher\":{\"@id\":\"https:\\\/\\\/ramason.es\\\/en\\\/#organization\"},\"potentialAction\":[{\"@type\":\"SearchAction\",\"target\":{\"@type\":\"EntryPoint\",\"urlTemplate\":\"https:\\\/\\\/ramason.es\\\/en\\\/?s={search_term_string}\"},\"query-input\":{\"@type\":\"PropertyValueSpecification\",\"valueRequired\":true,\"valueName\":\"search_term_string\"}}],\"inLanguage\":\"en-US\"},{\"@type\":\"Organization\",\"@id\":\"https:\\\/\\\/ramason.es\\\/en\\\/#organization\",\"name\":\"Ramason\",\"url\":\"https:\\\/\\\/ramason.es\\\/en\\\/\",\"logo\":{\"@type\":\"ImageObject\",\"inLanguage\":\"en-US\",\"@id\":\"https:\\\/\\\/ramason.es\\\/en\\\/#\\\/schema\\\/logo\\\/image\\\/\",\"url\":\"https:\\\/\\\/ramason.es\\\/wp-content\\\/uploads\\\/2023\\\/03\\\/logoGray.png\",\"contentUrl\":\"https:\\\/\\\/ramason.es\\\/wp-content\\\/uploads\\\/2023\\\/03\\\/logoGray.png\",\"width\":486,\"height\":51,\"caption\":\"Ramason\"},\"image\":{\"@id\":\"https:\\\/\\\/ramason.es\\\/en\\\/#\\\/schema\\\/logo\\\/image\\\/\"}}]}<\/script>\n<!-- \/ Yoast SEO plugin. -->","yoast_head_json":{"title":"PRESSOTHERAPY - Ramason","robots":{"index":"index","follow":"follow","max-snippet":"max-snippet:-1","max-image-preview":"max-image-preview:large","max-video-preview":"max-video-preview:-1"},"canonical":"https:\/\/ramason.es\/en\/pressotherapy\/","og_locale":"en_US","og_type":"article","og_title":"PRESSOTHERAPY - Ramason","og_url":"https:\/\/ramason.es\/en\/pressotherapy\/","og_site_name":"Ramason","article_modified_time":"2026-05-05T07:32:52+00:00","twitter_card":"summary_large_image","schema":{"@context":"https:\/\/schema.org","@graph":[{"@type":"WebPage","@id":"https:\/\/ramason.es\/en\/pressotherapy\/","url":"https:\/\/ramason.es\/en\/pressotherapy\/","name":"PRESSOTHERAPY - Ramason","isPartOf":{"@id":"https:\/\/ramason.es\/en\/#website"},"datePublished":"2026-03-25T05:14:40+00:00","dateModified":"2026-05-05T07:32:52+00:00","breadcrumb":{"@id":"https:\/\/ramason.es\/en\/pressotherapy\/#breadcrumb"},"inLanguage":"en-US","potentialAction":[{"@type":"ReadAction","target":["https:\/\/ramason.es\/en\/pressotherapy\/"]}]},{"@type":"BreadcrumbList","@id":"https:\/\/ramason.es\/en\/pressotherapy\/#breadcrumb","itemListElement":[{"@type":"ListItem","position":1,"name":"Portada","item":"https:\/\/ramason.es\/en\/"},{"@type":"ListItem","position":2,"name":"PRESSOTHERAPY"}]},{"@type":"WebSite","@id":"https:\/\/ramason.es\/en\/#website","url":"https:\/\/ramason.es\/en\/","name":"Ramason","description":"L\u00edder en distribuci\u00f3n y venta de equipos de aparatolog\u00eda est\u00e9tica avanzada en Espa\u00f1a.","publisher":{"@id":"https:\/\/ramason.es\/en\/#organization"},"potentialAction":[{"@type":"SearchAction","target":{"@type":"EntryPoint","urlTemplate":"https:\/\/ramason.es\/en\/?s={search_term_string}"},"query-input":{"@type":"PropertyValueSpecification","valueRequired":true,"valueName":"search_term_string"}}],"inLanguage":"en-US"},{"@type":"Organization","@id":"https:\/\/ramason.es\/en\/#organization","name":"Ramason","url":"https:\/\/ramason.es\/en\/","logo":{"@type":"ImageObject","inLanguage":"en-US","@id":"https:\/\/ramason.es\/en\/#\/schema\/logo\/image\/","url":"https:\/\/ramason.es\/wp-content\/uploads\/2023\/03\/logoGray.png","contentUrl":"https:\/\/ramason.es\/wp-content\/uploads\/2023\/03\/logoGray.png","width":486,"height":51,"caption":"Ramason"},"image":{"@id":"https:\/\/ramason.es\/en\/#\/schema\/logo\/image\/"}}]}},"_links":{"self":[{"href":"https:\/\/ramason.es\/en\/wp-json\/wp\/v2\/pages\/6428","targetHints":{"allow":["GET"]}}],"collection":[{"href":"https:\/\/ramason.es\/en\/wp-json\/wp\/v2\/pages"}],"about":[{"href":"https:\/\/ramason.es\/en\/wp-json\/wp\/v2\/types\/page"}],"author":[{"embeddable":true,"href":"https:\/\/ramason.es\/en\/wp-json\/wp\/v2\/users\/1"}],"replies":[{"embeddable":true,"href":"https:\/\/ramason.es\/en\/wp-json\/wp\/v2\/comments?post=6428"}],"version-history":[{"count":1,"href":"https:\/\/ramason.es\/en\/wp-json\/wp\/v2\/pages\/6428\/revisions"}],"predecessor-version":[{"id":6545,"href":"https:\/\/ramason.es\/en\/wp-json\/wp\/v2\/pages\/6428\/revisions\/6545"}],"wp:attachment":[{"href":"https:\/\/ramason.es\/en\/wp-json\/wp\/v2\/media?parent=6428"}],"curies":[{"name":"wp","href":"https:\/\/api.w.org\/{rel}","templated":true}]}}